{"id":875,"date":"2025-09-17T02:29:41","date_gmt":"2025-09-17T02:29:41","guid":{"rendered":"https:\/\/drcuneydsevinc.communiamedia.com\/services\/"},"modified":"2025-12-08T18:14:52","modified_gmt":"2025-12-08T18:14:52","slug":"services","status":"publish","type":"page","link":"https:\/\/drcuneydsevinc.communiamedia.com\/en\/services\/","title":{"rendered":"Services"},"content":{"rendered":"\t\t<div data-elementor-type=\"wp-page\" data-elementor-id=\"875\" class=\"elementor elementor-875 elementor-344\">\n\t\t\t\t\t\t<section class=\"elementor-section elementor-top-section elementor-element elementor-element-5a0b305 pbmit-col-stretched-none pbmit-bg-color-over-image elementor-section-boxed elementor-section-height-default elementor-section-height-default\" data-id=\"5a0b305\" data-element_type=\"section\">\n\t\t\t\t\t\t<div class=\"elementor-container elementor-column-gap-default\">\n\t\t\t\t\t<div class=\"elementor-column elementor-col-100 elementor-top-column elementor-element elementor-element-07877d7 pbmit-bg-color-over-image\" data-id=\"07877d7\" data-element_type=\"column\">\n\t\t\t<div class=\"elementor-widget-wrap\">\n\t\t\t\t\t\t\t<\/div>\n\t\t<\/div>\n\t\t\t\t\t<\/div>\n\t\t<\/section>\n\t\t\t\t<section class=\"elementor-section elementor-top-section elementor-element elementor-element-b93fceb pbmit-col-stretched-none pbmit-bg-color-over-image elementor-section-boxed elementor-section-height-default elementor-section-height-default\" data-id=\"b93fceb\" data-element_type=\"section\">\n\t\t\t\t\t\t<div class=\"elementor-container elementor-column-gap-default\">\n\t\t\t\t\t<div class=\"elementor-column elementor-col-100 elementor-top-column elementor-element elementor-element-0aafe6c pbmit-bg-color-over-image\" data-id=\"0aafe6c\" data-element_type=\"column\">\n\t\t\t<div class=\"elementor-widget-wrap elementor-element-populated\">\n\t\t\t\t\t\t<div class=\"elementor-element elementor-element-916d0a4 elementor-widget elementor-widget-pbmit_service_element\" data-id=\"916d0a4\" data-element_type=\"widget\" data-widget_type=\"pbmit_service_element.default\">\n\t\t\t\t<div class=\"elementor-widget-container\">\n\t\t\t\t\t\r\n\t\t\r\n\t\t\t<div class=\"pbminfotech-element\r\n\t\t\t\tpbminfotech-element-service\t\t\t\tpbmit-element-service-style-10\t\t\t\tpbmit-element-viewtype-row-column\t\t\t\tpbmit-element-column-three\t\t\t\tpbmit-element-sticky-carousel-false\t\t\t\tpbmit-element-caroursel-dot-false\t\t\t\tpbmit-infinite-scroll-no\t\t\t\tpbmit-infinite-scroll-button-no\t\t\t\tpbminfotech-gap-default\t\t\t\t\t\t\t\t\t\t\t\t\"\r\n\r\n\t\t\t\tdata-cpt=\"service\"\r\n\t\t\t\tdata-totalpagination=\"2\"\r\n\t\t\t\tdata-style=\"10\"\r\n\t\t\t\tdata-show=\"6\"\r\n\t\t\t\tdata-columns=\"3\"\r\n\t\t\t\tdata-loop=\"false\"\r\n\t\t\t\tdata-autoplay=\"false\"\r\n\t\t\t\tdata-center=\"false\"\r\n\t\t\t\tdata-nav=\"false\"\r\n\t\t\t\tdata-dots=\"false\"\r\n\t\t\t\tdata-reverse=\"false\"\r\n\t\t\t\tdata-speed=\"1000\"\r\n\t\t\t\tdata-marquee-speed=\"12000\"\r\n\t\t\t\tdata-delay=\"4000\"\r\n\t\t\t\tdata-margin=\"default\"\r\n\t\t\t\tdata-show-portion=\"false\">\r\n\r\n\t\t\t\t<div class=\"pbmit-element-inner\">\r\n\t\t\t\r\n\r\n\t\t\t\t\t\t<div class=\"pbmit-ele-header-area\">\r\n\t\t\t\t <div class=\"pbmit-heading-subheading pbmit-heading-subheading-style-1  animation-style4\"><\/div>\t\t\t\t\t\t\t\t\t\t\t<\/div>\r\n\t\t<div class=\"pbmit-infinite-scroll-data\">{\"cpt\":\"service\",\"style\":\"10\",\"columns\":\"3\",\"show\":\"6\",\"order\":\"DESC\",\"orderby\":\"none\"}<\/div>\r\n\t\t\t\t<div class=\"pbmit-element-posts-wrapper row multi-columns-row  \">\r\n\r\n\t\t\t\t\t\r\n\t\t\t\t\t<article class=\"pbmit-ele pbmit-ele-service pbmit-service-style-10 col-md-4 genel pbmit-term-67  \">\r\n\r\n<div class=\"pbminfotech-post-item\">\r\n\t<div class=\"pbmit-box-content-wrap\">\r\n\t\t<div class=\"pbmit-service-image-wrapper\">\r\n\t\t\t<div class=\"pbmit-featured-img-wrapper\"><div class=\"pbmit-featured-wrapper\"><a href=\"https:\/\/drcuneydsevinc.communiamedia.com\/en\/uzmanlik-alanlari\/genital-wart-treatment-in-men-2\/\"><img fetchpriority=\"high\" decoding=\"async\" width=\"854\" height=\"480\" src=\"https:\/\/drcuneydsevinc.communiamedia.com\/wp-content\/uploads\/2025\/11\/genital-sigil-hpv_youtube-playlist-2.jpg\" class=\"attachment-pbmit-img-880x520 size-pbmit-img-880x520 wp-post-image\" alt=\"\" srcset=\"https:\/\/drcuneydsevinc.communiamedia.com\/wp-content\/uploads\/2025\/11\/genital-sigil-hpv_youtube-playlist-2.jpg 854w, https:\/\/drcuneydsevinc.communiamedia.com\/wp-content\/uploads\/2025\/11\/genital-sigil-hpv_youtube-playlist-2-300x169.jpg 300w, https:\/\/drcuneydsevinc.communiamedia.com\/wp-content\/uploads\/2025\/11\/genital-sigil-hpv_youtube-playlist-2-768x432.jpg 768w\" sizes=\"(max-width: 854px) 100vw, 854px\" \/><\/a><\/div><\/div>\t\t\t<div class=\"pbmit-service-btn-wrapper\">\r\n\t\t\t\t<a class=\"pbmit-service-btn\" href=\"https:\/\/drcuneydsevinc.communiamedia.com\/en\/uzmanlik-alanlari\/genital-wart-treatment-in-men-2\/\" title=\"Genital Wart Treatment in Men &#8211; 2\"><span class=\"pbmit-button-icon-wrapper\"><span class=\"pbmit-button-icon\"><i class=\"pbmit-base-icon-black-arrow-1\"><\/i><\/span><\/span><\/a>\r\n\t\t\t<\/div>\r\n\t\t\t<a class=\"pbmit-link\" href=\"https:\/\/drcuneydsevinc.communiamedia.com\/en\/uzmanlik-alanlari\/genital-wart-treatment-in-men-2\/\" title=\"Go to Genital Wart Treatment in Men &#8211; 2\"><\/a>\r\n\t\t<\/div>\r\n\t\t<div class=\"pbmit-content-box\">\r\n\t\t\t<div class=\"pbminfotech-box-number\"><\/div>\r\n\t\t\t<div class=\"pbmit-serv-cat\"><a href=\"https:\/\/drcuneydsevinc.communiamedia.com\/kategori\/genel\/\" rel=\"tag\">Genel<\/a><\/div>\r\n\t\t\t<h3 class=\"pbmit-service-title\"><a href=\"https:\/\/drcuneydsevinc.communiamedia.com\/en\/uzmanlik-alanlari\/genital-wart-treatment-in-men-2\/\">Genital Wart Treatment in Men &#8211; 2<\/a><\/h3>\r\n\t\t\t<div class=\"pbmit-description-wrapper\">\t\r\n\t\t\t\t\t\t\t<\/div>\r\n\t\t\t<div class=\"pbmit-service-icon\">\r\n\t\t\t\t\t\t\t<\/div>\r\n\t\t<\/div>\r\n\t<\/div>\r\n<\/div><\/article><article class=\"pbmit-ele pbmit-ele-service pbmit-service-style-10 col-md-4 general pbmit-term-81  \">\r\n\r\n<div class=\"pbminfotech-post-item\">\r\n\t<div class=\"pbmit-box-content-wrap\">\r\n\t\t<div class=\"pbmit-service-image-wrapper\">\r\n\t\t\t<div class=\"pbmit-featured-img-wrapper\"><div class=\"pbmit-featured-wrapper\"><a href=\"https:\/\/drcuneydsevinc.communiamedia.com\/en\/uzmanlik-alanlari\/treatment-for-bladder-neck-elevation\/\"><img decoding=\"async\" width=\"527\" height=\"288\" src=\"https:\/\/drcuneydsevinc.communiamedia.com\/wp-content\/uploads\/2025\/11\/mesane-boynu-yuksekligi.webp\" class=\"attachment-pbmit-img-880x520 size-pbmit-img-880x520 wp-post-image\" alt=\"\" srcset=\"https:\/\/drcuneydsevinc.communiamedia.com\/wp-content\/uploads\/2025\/11\/mesane-boynu-yuksekligi.webp 527w, https:\/\/drcuneydsevinc.communiamedia.com\/wp-content\/uploads\/2025\/11\/mesane-boynu-yuksekligi-300x164.webp 300w\" sizes=\"(max-width: 527px) 100vw, 527px\" \/><\/a><\/div><\/div>\t\t\t<div class=\"pbmit-service-btn-wrapper\">\r\n\t\t\t\t<a class=\"pbmit-service-btn\" href=\"https:\/\/drcuneydsevinc.communiamedia.com\/en\/uzmanlik-alanlari\/treatment-for-bladder-neck-elevation\/\" title=\"Treatment for Bladder Neck Elevation\"><span class=\"pbmit-button-icon-wrapper\"><span class=\"pbmit-button-icon\"><i class=\"pbmit-base-icon-black-arrow-1\"><\/i><\/span><\/span><\/a>\r\n\t\t\t<\/div>\r\n\t\t\t<a class=\"pbmit-link\" href=\"https:\/\/drcuneydsevinc.communiamedia.com\/en\/uzmanlik-alanlari\/treatment-for-bladder-neck-elevation\/\" title=\"Go to Treatment for Bladder Neck Elevation\"><\/a>\r\n\t\t<\/div>\r\n\t\t<div class=\"pbmit-content-box\">\r\n\t\t\t<div class=\"pbminfotech-box-number\"><\/div>\r\n\t\t\t<div class=\"pbmit-serv-cat\"><a href=\"https:\/\/drcuneydsevinc.communiamedia.com\/en\/kategori\/general\/\" rel=\"tag\">General<\/a><\/div>\r\n\t\t\t<h3 class=\"pbmit-service-title\"><a href=\"https:\/\/drcuneydsevinc.communiamedia.com\/en\/uzmanlik-alanlari\/treatment-for-bladder-neck-elevation\/\">Treatment for Bladder Neck Elevation<\/a><\/h3>\r\n\t\t\t<div class=\"pbmit-description-wrapper\">\t\r\n\t\t\t\t\t\t\t<\/div>\r\n\t\t\t<div class=\"pbmit-service-icon\">\r\n\t\t\t\t\t\t\t<\/div>\r\n\t\t<\/div>\r\n\t<\/div>\r\n<\/div><\/article><article class=\"pbmit-ele pbmit-ele-service pbmit-service-style-10 col-md-4 general pbmit-term-81  \">\r\n\r\n<div class=\"pbminfotech-post-item\">\r\n\t<div class=\"pbmit-box-content-wrap\">\r\n\t\t<div class=\"pbmit-service-image-wrapper\">\r\n\t\t\t<div class=\"pbmit-featured-img-wrapper\"><div class=\"pbmit-featured-wrapper\"><a href=\"https:\/\/drcuneydsevinc.communiamedia.com\/en\/uzmanlik-alanlari\/treatment-of-genital-warts-in-men\/\"><img decoding=\"async\" width=\"854\" height=\"480\" src=\"https:\/\/drcuneydsevinc.communiamedia.com\/wp-content\/uploads\/2025\/09\/genital-sigil-hpv_youtube-playlist.jpg\" class=\"attachment-pbmit-img-880x520 size-pbmit-img-880x520 wp-post-image\" alt=\"\" srcset=\"https:\/\/drcuneydsevinc.communiamedia.com\/wp-content\/uploads\/2025\/09\/genital-sigil-hpv_youtube-playlist.jpg 854w, https:\/\/drcuneydsevinc.communiamedia.com\/wp-content\/uploads\/2025\/09\/genital-sigil-hpv_youtube-playlist-300x169.jpg 300w, https:\/\/drcuneydsevinc.communiamedia.com\/wp-content\/uploads\/2025\/09\/genital-sigil-hpv_youtube-playlist-768x432.jpg 768w\" sizes=\"(max-width: 854px) 100vw, 854px\" \/><\/a><\/div><\/div>\t\t\t<div class=\"pbmit-service-btn-wrapper\">\r\n\t\t\t\t<a class=\"pbmit-service-btn\" href=\"https:\/\/drcuneydsevinc.communiamedia.com\/en\/uzmanlik-alanlari\/treatment-of-genital-warts-in-men\/\" title=\"Treatment of Genital Warts in Men\"><span class=\"pbmit-button-icon-wrapper\"><span class=\"pbmit-button-icon\"><i class=\"pbmit-base-icon-black-arrow-1\"><\/i><\/span><\/span><\/a>\r\n\t\t\t<\/div>\r\n\t\t\t<a class=\"pbmit-link\" href=\"https:\/\/drcuneydsevinc.communiamedia.com\/en\/uzmanlik-alanlari\/treatment-of-genital-warts-in-men\/\" title=\"Go to Treatment of Genital Warts in Men\"><\/a>\r\n\t\t<\/div>\r\n\t\t<div class=\"pbmit-content-box\">\r\n\t\t\t<div class=\"pbminfotech-box-number\"><\/div>\r\n\t\t\t<div class=\"pbmit-serv-cat\"><a href=\"https:\/\/drcuneydsevinc.communiamedia.com\/en\/kategori\/general\/\" rel=\"tag\">General<\/a><\/div>\r\n\t\t\t<h3 class=\"pbmit-service-title\"><a href=\"https:\/\/drcuneydsevinc.communiamedia.com\/en\/uzmanlik-alanlari\/treatment-of-genital-warts-in-men\/\">Treatment of Genital Warts in Men<\/a><\/h3>\r\n\t\t\t<div class=\"pbmit-description-wrapper\">\t\r\n\t\t\t\t\t\t\t<\/div>\r\n\t\t\t<div class=\"pbmit-service-icon\">\r\n\t\t\t\t\t\t\t<\/div>\r\n\t\t<\/div>\r\n\t<\/div>\r\n<\/div><\/article><article class=\"pbmit-ele pbmit-ele-service pbmit-service-style-10 col-md-4 general pbmit-term-81  \">\r\n\r\n<div class=\"pbminfotech-post-item\">\r\n\t<div class=\"pbmit-box-content-wrap\">\r\n\t\t<div class=\"pbmit-service-image-wrapper\">\r\n\t\t\t<div class=\"pbmit-featured-img-wrapper\"><div class=\"pbmit-featured-wrapper\"><a href=\"https:\/\/drcuneydsevinc.communiamedia.com\/en\/uzmanlik-alanlari\/bladder-cancer-treatment\/\"><img loading=\"lazy\" decoding=\"async\" width=\"880\" height=\"520\" src=\"https:\/\/drcuneydsevinc.communiamedia.com\/wp-content\/uploads\/2025\/09\/mesane-kanseri-880x520.jpg\" class=\"attachment-pbmit-img-880x520 size-pbmit-img-880x520 wp-post-image\" alt=\"\" \/><\/a><\/div><\/div>\t\t\t<div class=\"pbmit-service-btn-wrapper\">\r\n\t\t\t\t<a class=\"pbmit-service-btn\" href=\"https:\/\/drcuneydsevinc.communiamedia.com\/en\/uzmanlik-alanlari\/bladder-cancer-treatment\/\" title=\"Bladder Cancer Treatment\"><span class=\"pbmit-button-icon-wrapper\"><span class=\"pbmit-button-icon\"><i class=\"pbmit-base-icon-black-arrow-1\"><\/i><\/span><\/span><\/a>\r\n\t\t\t<\/div>\r\n\t\t\t<a class=\"pbmit-link\" href=\"https:\/\/drcuneydsevinc.communiamedia.com\/en\/uzmanlik-alanlari\/bladder-cancer-treatment\/\" title=\"Go to Bladder Cancer Treatment\"><\/a>\r\n\t\t<\/div>\r\n\t\t<div class=\"pbmit-content-box\">\r\n\t\t\t<div class=\"pbminfotech-box-number\"><\/div>\r\n\t\t\t<div class=\"pbmit-serv-cat\"><a href=\"https:\/\/drcuneydsevinc.communiamedia.com\/en\/kategori\/general\/\" rel=\"tag\">General<\/a><\/div>\r\n\t\t\t<h3 class=\"pbmit-service-title\"><a href=\"https:\/\/drcuneydsevinc.communiamedia.com\/en\/uzmanlik-alanlari\/bladder-cancer-treatment\/\">Bladder Cancer Treatment<\/a><\/h3>\r\n\t\t\t<div class=\"pbmit-description-wrapper\">\t\r\n\t\t\t\t\t\t\t<\/div>\r\n\t\t\t<div class=\"pbmit-service-icon\">\r\n\t\t\t\t\t\t\t<\/div>\r\n\t\t<\/div>\r\n\t<\/div>\r\n<\/div><\/article><article class=\"pbmit-ele pbmit-ele-service pbmit-service-style-10 col-md-4 general pbmit-term-81  \">\r\n\r\n<div class=\"pbminfotech-post-item\">\r\n\t<div class=\"pbmit-box-content-wrap\">\r\n\t\t<div class=\"pbmit-service-image-wrapper\">\r\n\t\t\t<div class=\"pbmit-featured-img-wrapper\"><div class=\"pbmit-featured-wrapper\"><a href=\"https:\/\/drcuneydsevinc.communiamedia.com\/en\/uzmanlik-alanlari\/prostate-treatment\/\"><img loading=\"lazy\" decoding=\"async\" width=\"854\" height=\"480\" src=\"https:\/\/drcuneydsevinc.communiamedia.com\/wp-content\/uploads\/2025\/09\/rezum_youtube-playlist.jpg\" class=\"attachment-pbmit-img-880x520 size-pbmit-img-880x520 wp-post-image\" alt=\"\" srcset=\"https:\/\/drcuneydsevinc.communiamedia.com\/wp-content\/uploads\/2025\/09\/rezum_youtube-playlist.jpg 854w, https:\/\/drcuneydsevinc.communiamedia.com\/wp-content\/uploads\/2025\/09\/rezum_youtube-playlist-300x169.jpg 300w, https:\/\/drcuneydsevinc.communiamedia.com\/wp-content\/uploads\/2025\/09\/rezum_youtube-playlist-768x432.jpg 768w\" sizes=\"(max-width: 854px) 100vw, 854px\" \/><\/a><\/div><\/div>\t\t\t<div class=\"pbmit-service-btn-wrapper\">\r\n\t\t\t\t<a class=\"pbmit-service-btn\" href=\"https:\/\/drcuneydsevinc.communiamedia.com\/en\/uzmanlik-alanlari\/prostate-treatment\/\" title=\"Prostate Treatment\"><span class=\"pbmit-button-icon-wrapper\"><span class=\"pbmit-button-icon\"><i class=\"pbmit-base-icon-black-arrow-1\"><\/i><\/span><\/span><\/a>\r\n\t\t\t<\/div>\r\n\t\t\t<a class=\"pbmit-link\" href=\"https:\/\/drcuneydsevinc.communiamedia.com\/en\/uzmanlik-alanlari\/prostate-treatment\/\" title=\"Go to Prostate Treatment\"><\/a>\r\n\t\t<\/div>\r\n\t\t<div class=\"pbmit-content-box\">\r\n\t\t\t<div class=\"pbminfotech-box-number\"><\/div>\r\n\t\t\t<div class=\"pbmit-serv-cat\"><a href=\"https:\/\/drcuneydsevinc.communiamedia.com\/en\/kategori\/general\/\" rel=\"tag\">General<\/a><\/div>\r\n\t\t\t<h3 class=\"pbmit-service-title\"><a href=\"https:\/\/drcuneydsevinc.communiamedia.com\/en\/uzmanlik-alanlari\/prostate-treatment\/\">Prostate Treatment<\/a><\/h3>\r\n\t\t\t<div class=\"pbmit-description-wrapper\">\t\r\n\t\t\t\t\t\t\t<\/div>\r\n\t\t\t<div class=\"pbmit-service-icon\">\r\n\t\t\t\t\t\t\t<\/div>\r\n\t\t<\/div>\r\n\t<\/div>\r\n<\/div><\/article><article class=\"pbmit-ele pbmit-ele-service pbmit-service-style-10 col-md-4 general pbmit-term-81  \">\r\n\r\n<div class=\"pbminfotech-post-item\">\r\n\t<div class=\"pbmit-box-content-wrap\">\r\n\t\t<div class=\"pbmit-service-image-wrapper\">\r\n\t\t\t<div class=\"pbmit-featured-img-wrapper\"><div class=\"pbmit-featured-wrapper\"><a href=\"https:\/\/drcuneydsevinc.communiamedia.com\/en\/uzmanlik-alanlari\/treatment-for-painful-bladder-syndrome\/\"><img loading=\"lazy\" decoding=\"async\" width=\"880\" height=\"520\" src=\"https:\/\/drcuneydsevinc.communiamedia.com\/wp-content\/uploads\/2025\/09\/agrili-mesane-sendromu-880x520.jpg\" class=\"attachment-pbmit-img-880x520 size-pbmit-img-880x520 wp-post-image\" alt=\"\" \/><\/a><\/div><\/div>\t\t\t<div class=\"pbmit-service-btn-wrapper\">\r\n\t\t\t\t<a class=\"pbmit-service-btn\" href=\"https:\/\/drcuneydsevinc.communiamedia.com\/en\/uzmanlik-alanlari\/treatment-for-painful-bladder-syndrome\/\" title=\"Treatment for Painful Bladder Syndrome\"><span class=\"pbmit-button-icon-wrapper\"><span class=\"pbmit-button-icon\"><i class=\"pbmit-base-icon-black-arrow-1\"><\/i><\/span><\/span><\/a>\r\n\t\t\t<\/div>\r\n\t\t\t<a class=\"pbmit-link\" href=\"https:\/\/drcuneydsevinc.communiamedia.com\/en\/uzmanlik-alanlari\/treatment-for-painful-bladder-syndrome\/\" title=\"Go to Treatment for Painful Bladder Syndrome\"><\/a>\r\n\t\t<\/div>\r\n\t\t<div class=\"pbmit-content-box\">\r\n\t\t\t<div class=\"pbminfotech-box-number\"><\/div>\r\n\t\t\t<div class=\"pbmit-serv-cat\"><a href=\"https:\/\/drcuneydsevinc.communiamedia.com\/en\/kategori\/general\/\" rel=\"tag\">General<\/a><\/div>\r\n\t\t\t<h3 class=\"pbmit-service-title\"><a href=\"https:\/\/drcuneydsevinc.communiamedia.com\/en\/uzmanlik-alanlari\/treatment-for-painful-bladder-syndrome\/\">Treatment for Painful Bladder Syndrome<\/a><\/h3>\r\n\t\t\t<div class=\"pbmit-description-wrapper\">\t\r\n\t\t\t\t\t\t\t<\/div>\r\n\t\t\t<div class=\"pbmit-service-icon\">\r\n\t\t\t\t\t\t\t<\/div>\r\n\t\t<\/div>\r\n\t<\/div>\r\n<\/div><\/article>\r\n\t\t\t\t<\/div> <!-- .pbmit-element-posts-wrapper -->\r\n\t\t\t \r\n\t\t\t\t\r\n\t\t\t\r\n\t\t\r\n\t\t\r\n\t\t\t\t\t\t<\/div><!-- .pbmit-element-inner -->\r\n\t\t\t<\/div><!-- .pbminfotech-element -->\r\n\r\n\t\t\t\r\n\t\t\t\t\t\t<\/div>\n\t\t\t\t<\/div>\n\t\t\t\t\t<\/div>\n\t\t<\/div>\n\t\t\t\t\t<\/div>\n\t\t<\/section>\n\t\t\t\t<\/div>\n\t\t","protected":false},"excerpt":{"rendered":"<p>{&#8220;cpt&#8221;:&#8221;service&#8221;,&#8221;style&#8221;:&#8221;10&#8243;,&#8221;columns&#8221;:&#8221;3&#8243;,&#8221;show&#8221;:&#8221;6&#8243;,&#8221;order&#8221;:&#8221;DESC&#8221;,&#8221;orderby&#8221;:&#8221;none&#8221;} Mesane Boynu Y\u00fcksekli\u011fi Tedavisi Genel Erkekte HPV (Genital Si\u011fil) Tedavisi Genel Mesane Kanseri Tedavisi Genel S\u0131cak Su Buhar\u0131 ile Prostat Tedavisi (Rez\u016bm Y\u00f6ntemi) Genel Interstisyel Sistit (A\u011fr\u0131l\u0131 Mesane Sendromu) Tedavisi Genel Kronik Sistit Tedavisi<\/p>\n","protected":false},"author":1,"featured_media":0,"parent":0,"menu_order":0,"comment_status":"closed","ping_status":"closed","template":"","meta":{"_acf_changed":false,"inline_featured_image":false,"_joinchat":[],"footnotes":""},"class_list":["post-875","page","type-page","status-publish","hentry"],"acf":[],"_links":{"self":[{"href":"https:\/\/drcuneydsevinc.communiamedia.com\/en\/wp-json\/wp\/v2\/pages\/875","targetHints":{"allow":["GET"]}}],"collection":[{"href":"https:\/\/drcuneydsevinc.communiamedia.com\/en\/wp-json\/wp\/v2\/pages"}],"about":[{"href":"https:\/\/drcuneydsevinc.communiamedia.com\/en\/wp-json\/wp\/v2\/types\/page"}],"author":[{"embeddable":true,"href":"https:\/\/drcuneydsevinc.communiamedia.com\/en\/wp-json\/wp\/v2\/users\/1"}],"replies":[{"embeddable":true,"href":"https:\/\/drcuneydsevinc.communiamedia.com\/en\/wp-json\/wp\/v2\/comments?post=875"}],"version-history":[{"count":1,"href":"https:\/\/drcuneydsevinc.communiamedia.com\/en\/wp-json\/wp\/v2\/pages\/875\/revisions"}],"predecessor-version":[{"id":876,"href":"https:\/\/drcuneydsevinc.communiamedia.com\/en\/wp-json\/wp\/v2\/pages\/875\/revisions\/876"}],"wp:attachment":[{"href":"https:\/\/drcuneydsevinc.communiamedia.com\/en\/wp-json\/wp\/v2\/media?parent=875"}],"curies":[{"name":"wp","href":"https:\/\/api.w.org\/{rel}","templated":true}]}}